{"id":55,"date":"2020-12-05T17:41:46","date_gmt":"2020-12-05T14:41:46","guid":{"rendered":"https:\/\/crp-cahul.md\/?page_id=55"},"modified":"2026-04-01T15:00:18","modified_gmt":"2026-04-01T12:00:18","slug":"despre-crp-cahul","status":"publish","type":"page","link":"https:\/\/crp-cahul.md\/ru\/despre-crp-cahul\/","title":{"rendered":"\u041e CRP Cahul"},"content":{"rendered":"<p><\/p>\n<h2>Consiliul Raional de Participare Cahul<\/h2>\n<p>\u00cen luna august 2019 Centrul Regional de Asisten\u0163\u0103 \u015fi Informare a ONG \u201dCONTACT-Cahul\u201d a dat start proiectului \u201dConsiliul Raional de Participare Cahul \u2013 platform\u0103 pentru un proces decizional transparent\u201d<\/p>\n<h2>Model de implicare \u00een procesul decizional<\/h2>\n<p>Scopul proiectului este abilitarea societ\u0103\u021bii civile pentru o participare mai activ\u0103 \u00een procesul decizional realizat de Consiliul Raional Cahul. \u00cen perioada dat\u0103 Centrul CONTACT-Cahul a asigurat secretariatul Consiliului Raional de Participare Cahul, urm\u0103rind atingerea urm\u0103toarelor obiective specifice:<br \/>\n1. Facilitarea bunei activit\u0103\u021bi a Consiliului Raional pentru Participare Cahul (CRP Cahul);<br \/>\n2. Dezvoltarea unui dialog constructiv \u00eentre societatea civil\u0103 din raionul Cahul \u0219i autoritatea public\u0103 local\u0103 de nivel II;<br \/>\n3. Cre\u0219terea transparen\u021bei procesului decizional \u0219i a responsabilit\u0103\u021bii consilierilor pentru calitatea actului decizional;<\/p>\n<h3>Mai Detaliat pute\u021bi sa citi\u021bi \u00een <a href=\"https:\/\/crp-cahul.md\/wp-content\/uploads\/2020\/07\/bro\u0219ur\u0103-privind-activitatea-crp-ro.pdf\" target=\"_blank\" rel=\"noopener noreferrer\">Bro\u0219ura de prezentare CRP Cahul<\/a><\/h3>\n<p><\/p>","protected":false},"excerpt":{"rendered":"<p>Consiliul Raional de Participare Cahul \u00cen luna august 2019 Centrul Regional de Asisten\u0163\u0103 \u015fi Informare a ONG \u201dCONTACT-Cahul\u201d a dat start proiectului \u201dConsiliul Raional de Participare Cahul \u2013 platform\u0103 pentru un proces decizional transparent\u201d Model de implicare \u00een procesul decizional Scopul proiectului este abilitarea societ\u0103\u021bii civile pentru o participare mai activ\u0103 \u00een procesul decizional realizat [&hellip;]<\/p>\n","protected":false},"author":6,"featured_media":304,"parent":0,"menu_order":5,"comment_status":"closed","ping_status":"closed","template":"template-about.php","meta":{"inline_featured_image":false,"footnotes":""},"class_list":["post-55","page","type-page","status-publish","hentry"],"_links":{"self":[{"href":"https:\/\/crp-cahul.md\/ru\/wp-json\/wp\/v2\/pages\/55","targetHints":{"allow":["GET"]}}],"collection":[{"href":"https:\/\/crp-cahul.md\/ru\/wp-json\/wp\/v2\/pages"}],"about":[{"href":"https:\/\/crp-cahul.md\/ru\/wp-json\/wp\/v2\/types\/page"}],"author":[{"embeddable":true,"href":"https:\/\/crp-cahul.md\/ru\/wp-json\/wp\/v2\/users\/6"}],"replies":[{"embeddable":true,"href":"https:\/\/crp-cahul.md\/ru\/wp-json\/wp\/v2\/comments?post=55"}],"version-history":[{"count":28,"href":"https:\/\/crp-cahul.md\/ru\/wp-json\/wp\/v2\/pages\/55\/revisions"}],"predecessor-version":[{"id":1307,"href":"https:\/\/crp-cahul.md\/ru\/wp-json\/wp\/v2\/pages\/55\/revisions\/1307"}],"wp:featuredmedia":[{"embeddable":true,"href":"https:\/\/crp-cahul.md\/ru\/wp-json\/wp\/v2\/media\/304"}],"wp:attachment":[{"href":"https:\/\/crp-cahul.md\/ru\/wp-json\/wp\/v2\/media?parent=55"}],"curies":[{"name":"wp","href":"https:\/\/api.w.org\/{rel}","templated":true}]}}